{"id":1251,"date":"2023-04-11T10:33:08","date_gmt":"2023-04-11T08:33:08","guid":{"rendered":"https:\/\/nacichej.com.pl\/?page_id=1251"},"modified":"2023-05-08T11:43:21","modified_gmt":"2023-05-08T09:43:21","slug":"znizki-dla-gosci","status":"publish","type":"page","link":"https:\/\/nacichej.com.pl\/de\/znizki-dla-gosci\/","title":{"rendered":"Rabatte f\u00fcr G\u00e4ste"},"content":{"rendered":"<div id=\"div_block-12-1251\" class=\"ct-div-block\" ><div id=\"div_block-13-1251\" class=\"ct-div-block moving-top\" style=\"background-image:linear-gradient(rgba(0,0,0,0.2), rgba(0,0,0,0.2)), url(https:\/\/nacichej.com.pl\/wp-content\/uploads\/2023\/04\/back-of-three-kids-walking-on-wood-mountains-fami-2021-10-20-03-48-27-utc-1-1-min.jpg);background-size:auto,  cover;\" ><\/div><\/div><section id=\"section-2-1251\" class=\"ct-section section\" ><div class=\"ct-section-inner-wrap\"><div id=\"div_block-3-1251\" class=\"ct-div-block w50 imgContainer\" ><div id=\"div_block-4-1251\" class=\"ct-div-block about-imgBig\" ><img decoding=\"async\"  id=\"image-5-1251\" alt=\"\" src=\"https:\/\/nacichej.com.pl\/wp-content\/uploads\/2023\/04\/talanted-designer-is-working-at-glass-workshop-2021-08-28-03-08-12-utc-1-min.jpg\" class=\"ct-image cover-image\"\/><\/div><div id=\"div_block-6-1251\" class=\"ct-div-block about-imgSmall\" ><img decoding=\"async\"  id=\"image-7-1251\" alt=\"\" src=\"https:\/\/nacichej.com.pl\/wp-content\/uploads\/2023\/04\/couple-choosing-skiing-or-snowboarding-equipment-2021-08-26-16-26-38-utc-Maly.jpg\" class=\"ct-image cover-image\"\/><\/div><\/div><div id=\"div_block-8-1251\" class=\"ct-div-block w50 textContainer\" ><h1 id=\"headline-9-1251\" class=\"ct-headline subtitle\">Speziell f\u00fcr unsere G\u00e4ste<\/h1><h1 id=\"headline-10-1251\" class=\"ct-headline title\">Rabatte auf lokale Sehensw\u00fcrdigkeiten<br><\/h1><div id=\"text_block-11-1251\" class=\"ct-text-block txt\" >Wir verstehen, wie schwer es ist, in einer touristischen Stadt in einem bestimmten Budget Ihre Freizeit zu organisieren. Es gibt so viele Restaurants, Aktivit\u00e4ten f\u00fcr Kinder und die ganze Familie, zu denen wir gehen m\u00f6chten. Dank unseres Partnerschaftsprogramms k\u00f6nnen wir Rabatte an ausgew\u00e4hlten Orten anbieten.<br><br>Um Informationen zu den angebotenen Rabatten zu erhalten, wenden Sie sich bitte an den Mitarbeiter der Villa.<br><\/div><\/div><\/div><\/section><section id=\"section-14-1251\" class=\"ct-section\" ><div class=\"ct-section-inner-wrap\"><div id=\"div_block-15-1251\" class=\"ct-div-block\" ><h3 id=\"headline-16-1251\" class=\"ct-headline\">Rabatte an ausgew\u00e4hlten Orten<\/h3><div id=\"text_block-17-1251\" class=\"ct-text-block title\" >Mit unseren Partnern<\/div><\/div>\n\t\t<div id=\"-carousel-builder-18-1251\" class=\"oxy-carousel-builder carousel-packages\" ><div class=\"oxy-carousel-builder_inner oxy-inner-content\" data-prev=\".oxy-carousel-builder_prev\" data-next=\".oxy-carousel-builder_next\" data-contain=\"true\" data-percent=\"true\" data-freescroll=\"false\" data-draggable=\"true\" data-wraparound=\"true\" data-carousel=\".oxy-dynamic-list\" data-cell=\"\" data-dragthreshold=\"3\" data-selectedattraction=\"0.025\" data-friction=\"0.28\" data-freescrollfriction=\"0.075\" data-forceheight=\"false\" data-fade=\"false\" data-tickerpause=\"true\" data-groupcells=\"1\" data-autoplay=\"5000\" data-pauseautoplay=\"false\" data-hash=\"false\" data-initial=\"1\" data-accessibility=\"true\" data-cellalign=\"center\" data-righttoleft=\"false\" data-images-loaded=\"true\" data-pagedots=\"false\" data-trigger-aos=\"false\" data-clickselect=\"false\" data-preview=\"true\" data-tick=\"false\" ><div id=\"_dynamic_list-19-1251\" class=\"oxy-dynamic-list\"><div id=\"div_block-20-1251-1\" class=\"ct-div-block\" data-id=\"div_block-20-1251\"><div id=\"div_block-21-1251-1\" class=\"ct-div-block offert-tile\" data-id=\"div_block-21-1251\"><div id=\"div_block-22-1251-1\" class=\"ct-div-block offert-tile-img\" data-id=\"div_block-22-1251\"><img decoding=\"async\" id=\"image-23-1251-1\" alt=\"\" src=\"https:\/\/nacichej.com.pl\/wp-content\/uploads\/2023\/04\/orange1.webp\" class=\"ct-image cover-image\" data-id=\"image-23-1251\"><\/div><div id=\"div_block-24-1251-1\" class=\"ct-div-block offert-details\" data-id=\"div_block-24-1251\"><div id=\"text_block-25-1251-1\" class=\"ct-text-block offert-subtite\" data-id=\"text_block-25-1251\"><span id=\"span-26-1251\" class=\"ct-span\" >Ein ungew\u00f6hnlicher Ort<\/span><\/div><div id=\"text_block-27-1251-1\" class=\"ct-text-block offert-title\" data-id=\"text_block-27-1251\"><div><span style=\"background-color: transparent;\"><span id=\"span-28-1251\" class=\"ct-span\" >Julia Glash\u00fctte<\/span><\/span><\/div><\/div><div id=\"div_block-29-1251-1\" class=\"ct-div-block details-hidden\" data-id=\"div_block-29-1251\"><div id=\"text_block-30-1251-1\" class=\"ct-text-block txt hidden\" data-id=\"text_block-30-1251\"><span id=\"span-31-1251\" class=\"ct-span\" >Ein Glas oder eine Vase geht durch 25 Paar H\u00e4nde, bevor es den Kunden erreicht. Sehen Sie sich den Erstellungsprozess an<\/span> <br><\/div><a id=\"link_text-32-1251-1\" class=\"ct-link-text btn\" href=\"https:\/\/hutajulia.com\/\" target=\"_blank\" data-id=\"link_text-32-1251\" rel=\"noopener\">Wi\u0119cej<\/a><\/div><\/div><div id=\"div_block-33-1251-1\" class=\"ct-div-block offert-overlay\" data-id=\"div_block-33-1251\"><\/div><\/div><\/div><div id=\"div_block-20-1251-2\" class=\"ct-div-block\" data-id=\"div_block-20-1251\"><div id=\"div_block-21-1251-2\" class=\"ct-div-block offert-tile\" data-id=\"div_block-21-1251\"><div id=\"div_block-22-1251-2\" class=\"ct-div-block offert-tile-img\" data-id=\"div_block-22-1251\"><img decoding=\"async\" id=\"image-23-1251-2\" alt=\"\" src=\"https:\/\/nacichej.com.pl\/wp-content\/uploads\/2023\/04\/5400125a-682e-4c22-aab8-1a3d208881fd.jpg\" class=\"ct-image cover-image\" data-id=\"image-23-1251\"><\/div><div id=\"div_block-24-1251-2\" class=\"ct-div-block offert-details\" data-id=\"div_block-24-1251\"><div id=\"text_block-25-1251-2\" class=\"ct-text-block offert-subtite\" data-id=\"text_block-25-1251\"><span id=\"span-26-1251\" class=\"ct-span\" >F\u00fcr Kinder<\/span><\/div><div id=\"text_block-27-1251-2\" class=\"ct-text-block offert-title\" data-id=\"text_block-27-1251\"><div><span style=\"background-color: transparent;\"><span id=\"span-28-1251\" class=\"ct-span\" >Ausstellung von Legosteinen<\/span><\/span><\/div><\/div><div id=\"div_block-29-1251-2\" class=\"ct-div-block details-hidden\" data-id=\"div_block-29-1251\"><div id=\"text_block-30-1251-2\" class=\"ct-text-block txt hidden\" data-id=\"text_block-30-1251\"><span id=\"span-31-1251\" class=\"ct-span\" >Ausstellung von Lego-Steinen und eine kurze Geschichte der Region.<\/span> <br><\/div><a id=\"link_text-32-1251-2\" class=\"ct-link-text btn\" href=\"https:\/\/www.wystawazklockow.pl\/\" target=\"_blank\" data-id=\"link_text-32-1251\" rel=\"noopener\">Wi\u0119cej<\/a><\/div><\/div><div id=\"div_block-33-1251-2\" class=\"ct-div-block offert-overlay\" data-id=\"div_block-33-1251\"><\/div><\/div><\/div><div id=\"div_block-20-1251-3\" class=\"ct-div-block\" data-id=\"div_block-20-1251\"><div id=\"div_block-21-1251-3\" class=\"ct-div-block offert-tile\" data-id=\"div_block-21-1251\"><div id=\"div_block-22-1251-3\" class=\"ct-div-block offert-tile-img\" data-id=\"div_block-22-1251\"><img decoding=\"async\" id=\"image-23-1251-3\" alt=\"\" src=\"https:\/\/nacichej.com.pl\/wp-content\/uploads\/2023\/04\/man-trying-on-helmet-for-ski-or-snowboarding-2021-08-26-16-27-09-utc-Maly.jpg\" class=\"ct-image cover-image\" data-id=\"image-23-1251\"><\/div><div id=\"div_block-24-1251-3\" class=\"ct-div-block offert-details\" data-id=\"div_block-24-1251\"><div id=\"text_block-25-1251-3\" class=\"ct-text-block offert-subtite\" data-id=\"text_block-25-1251\"><span id=\"span-26-1251\" class=\"ct-span\" >Verleih<\/span><\/div><div id=\"text_block-27-1251-3\" class=\"ct-text-block offert-title\" data-id=\"text_block-27-1251\"><div><span style=\"background-color: transparent;\"><span id=\"span-28-1251\" class=\"ct-span\" >Verleih von Skiausr\u00fcstung DAGA-SPORT<\/span><\/span><\/div><\/div><div id=\"div_block-29-1251-3\" class=\"ct-div-block details-hidden\" data-id=\"div_block-29-1251\"><div id=\"text_block-30-1251-3\" class=\"ct-text-block txt hidden\" data-id=\"text_block-30-1251\"><span id=\"span-31-1251\" class=\"ct-span\" >Sie m\u00fcssen nicht mehr Ihre gesamte Skiausr\u00fcstung mit sich herumtragen<\/span> <br><\/div><\/div><\/div><div id=\"div_block-33-1251-3\" class=\"ct-div-block offert-overlay\" data-id=\"div_block-33-1251\"><\/div><\/div><\/div><div id=\"div_block-20-1251-4\" class=\"ct-div-block\" data-id=\"div_block-20-1251\"><div id=\"div_block-21-1251-4\" class=\"ct-div-block offert-tile\" data-id=\"div_block-21-1251\"><div id=\"div_block-22-1251-4\" class=\"ct-div-block offert-tile-img\" data-id=\"div_block-22-1251\"><img decoding=\"async\" id=\"image-23-1251-4\" alt=\"\" src=\"https:\/\/nacichej.com.pl\/wp-content\/uploads\/2023\/04\/praga-test.jpg\" class=\"ct-image cover-image\" data-id=\"image-23-1251\"><\/div><div id=\"div_block-24-1251-4\" class=\"ct-div-block offert-details\" data-id=\"div_block-24-1251\"><div id=\"text_block-25-1251-4\" class=\"ct-text-block offert-subtite\" data-id=\"text_block-25-1251\"><span id=\"span-26-1251\" class=\"ct-span\" >Tagesausfl\u00fcge<\/span><\/div><div id=\"text_block-27-1251-4\" class=\"ct-text-block offert-title\" data-id=\"text_block-27-1251\"><div><span style=\"background-color: transparent;\"><span id=\"span-28-1251\" class=\"ct-span\" >Almar Fremdenverkehrsamt<\/span><\/span><\/div><\/div><div id=\"div_block-29-1251-4\" class=\"ct-div-block details-hidden\" data-id=\"div_block-29-1251\"><div id=\"text_block-30-1251-4\" class=\"ct-text-block txt hidden\" data-id=\"text_block-30-1251\"><span id=\"span-31-1251\" class=\"ct-span\" >Ausfl\u00fcge zu unseren s\u00fcdlichen Nachbarn. Entdecken Sie die Tschechische Republik.<\/span> <br><\/div><a id=\"link_text-32-1251-4\" class=\"ct-link-text btn\" href=\"http:\/\/btalmar.pl\/\" target=\"_blank\" data-id=\"link_text-32-1251\" rel=\"noopener\">Wi\u0119cej<\/a><\/div><\/div><div id=\"div_block-33-1251-4\" class=\"ct-div-block offert-overlay\" data-id=\"div_block-33-1251\"><\/div><\/div><\/div><div id=\"div_block-20-1251-5\" class=\"ct-div-block\" data-id=\"div_block-20-1251\"><div id=\"div_block-21-1251-5\" class=\"ct-div-block offert-tile\" data-id=\"div_block-21-1251\"><div id=\"div_block-22-1251-5\" class=\"ct-div-block offert-tile-img\" data-id=\"div_block-22-1251\"><img decoding=\"async\" id=\"image-23-1251-5\" alt=\"\" src=\"https:\/\/nacichej.com.pl\/wp-content\/uploads\/2023\/04\/prague-2021-08-26-18-27-37-utc-Maly.jpg\" class=\"ct-image cover-image\" data-id=\"image-23-1251\"><\/div><div id=\"div_block-24-1251-5\" class=\"ct-div-block offert-details\" data-id=\"div_block-24-1251\"><div id=\"text_block-25-1251-5\" class=\"ct-text-block offert-subtite\" data-id=\"text_block-25-1251\"><span id=\"span-26-1251\" class=\"ct-span\" >Tagesausfl\u00fcge<\/span><\/div><div id=\"text_block-27-1251-5\" class=\"ct-text-block offert-title\" data-id=\"text_block-27-1251\"><div><span style=\"background-color: transparent;\"><span id=\"span-28-1251\" class=\"ct-span\" >Pinokio Fremdenverkehrsamt <\/span><\/span><\/div><\/div><div id=\"div_block-29-1251-5\" class=\"ct-div-block details-hidden\" data-id=\"div_block-29-1251\"><div id=\"text_block-30-1251-5\" class=\"ct-text-block txt hidden\" data-id=\"text_block-30-1251\"><span id=\"span-31-1251\" class=\"ct-span\" >Kurzreisen ins In- und Ausland. Entdecken Sie die Highlights mit einem Guide<\/span> <br><\/div><a id=\"link_text-32-1251-5\" class=\"ct-link-text btn\" href=\"https:\/\/www.pinokiotravel.pl\/\" target=\"_blank\" data-id=\"link_text-32-1251\" rel=\"noopener\">Wi\u0119cej<\/a><\/div><\/div><div id=\"div_block-33-1251-5\" class=\"ct-div-block offert-overlay\" data-id=\"div_block-33-1251\"><\/div><\/div><\/div><div id=\"div_block-20-1251-6\" class=\"ct-div-block\" data-id=\"div_block-20-1251\"><div id=\"div_block-21-1251-6\" class=\"ct-div-block offert-tile\" data-id=\"div_block-21-1251\"><div id=\"div_block-22-1251-6\" class=\"ct-div-block offert-tile-img\" data-id=\"div_block-22-1251\"><img decoding=\"async\" id=\"image-23-1251-6\" alt=\"\" src=\"https:\/\/nacichej.com.pl\/wp-content\/uploads\/2023\/04\/Sztolnie-Korytarz-Maly.jpg\" class=\"ct-image cover-image\" data-id=\"image-23-1251\"><\/div><div id=\"div_block-24-1251-6\" class=\"ct-div-block offert-details\" data-id=\"div_block-24-1251\"><div id=\"text_block-25-1251-6\" class=\"ct-text-block offert-subtite\" data-id=\"text_block-25-1251\"><span id=\"span-26-1251\" class=\"ct-span\" >Stollen<\/span><\/div><div id=\"text_block-27-1251-6\" class=\"ct-text-block offert-title\" data-id=\"text_block-27-1251\"><div><span style=\"background-color: transparent;\"><span id=\"span-28-1251\" class=\"ct-span\" >Uran Stollen <\/span><\/span><\/div><\/div><div id=\"div_block-29-1251-6\" class=\"ct-div-block details-hidden\" data-id=\"div_block-29-1251\"><div id=\"text_block-30-1251-6\" class=\"ct-text-block txt hidden\" data-id=\"text_block-30-1251\"><span id=\"span-31-1251\" class=\"ct-span\" >Besuch des Uranstollens in Kowary. Sehen Sie die Geschichte der Region aus einer anderen Perspektive.<\/span> <br><\/div><\/div><\/div><div id=\"div_block-33-1251-6\" class=\"ct-div-block offert-overlay\" data-id=\"div_block-33-1251\"><\/div><\/div><\/div><div id=\"div_block-20-1251-7\" class=\"ct-div-block\" data-id=\"div_block-20-1251\"><div id=\"div_block-21-1251-7\" class=\"ct-div-block offert-tile\" data-id=\"div_block-21-1251\"><div id=\"div_block-22-1251-7\" class=\"ct-div-block offert-tile-img\" data-id=\"div_block-22-1251\"><img decoding=\"async\" id=\"image-23-1251-7\" alt=\"\" src=\"https:\/\/nacichej.com.pl\/wp-content\/uploads\/2023\/04\/21dbcd3c9ae21c9c3d45bd1f5b4f16e29416be14.jpg\" class=\"ct-image cover-image\" data-id=\"image-23-1251\"><\/div><div id=\"div_block-24-1251-7\" class=\"ct-div-block offert-details\" data-id=\"div_block-24-1251\"><div id=\"text_block-25-1251-7\" class=\"ct-text-block offert-subtite\" data-id=\"text_block-25-1251\"><span id=\"span-26-1251\" class=\"ct-span\" >Die Geb\u00e4ude der Region<\/span><\/div><div id=\"text_block-27-1251-7\" class=\"ct-text-block offert-title\" data-id=\"text_block-27-1251\"><div><span style=\"background-color: transparent;\"><span id=\"span-28-1251\" class=\"ct-span\" >Miniaturpark Kowary<\/span><\/span><\/div><\/div><div id=\"div_block-29-1251-7\" class=\"ct-div-block details-hidden\" data-id=\"div_block-29-1251\"><div id=\"text_block-30-1251-7\" class=\"ct-text-block txt hidden\" data-id=\"text_block-30-1251\"><span id=\"span-31-1251\" class=\"ct-span\" >Sehen Sie alle Burgen in der Umgebung an einem Tag<\/span> <br><\/div><a id=\"link_text-32-1251-7\" class=\"ct-link-text btn\" href=\"http:\/\/www.park-miniatur.com\/\" target=\"_blank\" data-id=\"link_text-32-1251\" rel=\"noopener\">Wi\u0119cej<\/a><\/div><\/div><div id=\"div_block-33-1251-7\" class=\"ct-div-block offert-overlay\" data-id=\"div_block-33-1251\"><\/div><\/div><\/div><div id=\"div_block-20-1251-8\" class=\"ct-div-block\" data-id=\"div_block-20-1251\"><div id=\"div_block-21-1251-8\" class=\"ct-div-block offert-tile\" data-id=\"div_block-21-1251\"><div id=\"div_block-22-1251-8\" class=\"ct-div-block offert-tile-img\" data-id=\"div_block-22-1251\"><img decoding=\"async\" id=\"image-23-1251-8\" alt=\"\" src=\"https:\/\/nacichej.com.pl\/wp-content\/uploads\/2023\/04\/sports-cross-country-skiing-in-the-snow-footprints-2022-11-01-02-02-30-utc-Sredni.jpg\" class=\"ct-image cover-image\" data-id=\"image-23-1251\"><\/div><div id=\"div_block-24-1251-8\" class=\"ct-div-block offert-details\" data-id=\"div_block-24-1251\"><div id=\"text_block-25-1251-8\" class=\"ct-text-block offert-subtite\" data-id=\"text_block-25-1251\"><span id=\"span-26-1251\" class=\"ct-span\" >Langlaufschule<\/span><\/div><div id=\"text_block-27-1251-8\" class=\"ct-text-block offert-title\" data-id=\"text_block-27-1251\"><div><span style=\"background-color: transparent;\"><span id=\"span-28-1251\" class=\"ct-span\" >SZEKLA Jakuszyce<\/span><\/span><\/div><\/div><div id=\"div_block-29-1251-8\" class=\"ct-div-block details-hidden\" data-id=\"div_block-29-1251\"><div id=\"text_block-30-1251-8\" class=\"ct-text-block txt hidden\" data-id=\"text_block-30-1251\"><span id=\"span-31-1251\" class=\"ct-span\" >Lernen Sie mit Profis zu fahren<\/span> <br><\/div><\/div><\/div><div id=\"div_block-33-1251-8\" class=\"ct-div-block offert-overlay\" data-id=\"div_block-33-1251\"><\/div><\/div><\/div><\/div>\n<\/div><div class=\"oxy-carousel-builder_icon oxy-carousel-builder_prev\"><svg id=\"prev-carousel-builder-18-1251\"><use xlink:href=\"#FontAwesomeicon-chevron-left\"><\/use><\/svg><\/span><\/div><div class=\"oxy-carousel-builder_icon oxy-carousel-builder_next\"><svg id=\"next-carousel-builder-18-1251\"><use xlink:href=\"#FontAwesomeicon-chevron-right\"><\/use><\/svg><\/span><\/div><\/div>\n\n\t\t<\/div><\/section>","protected":false},"excerpt":{"rendered":"","protected":false},"author":3,"featured_media":1204,"parent":0,"menu_order":0,"comment_status":"closed","ping_status":"closed","template":"","meta":[],"acf":[],"_links":{"self":[{"href":"https:\/\/nacichej.com.pl\/de\/wp-json\/wp\/v2\/pages\/1251"}],"collection":[{"href":"https:\/\/nacichej.com.pl\/de\/wp-json\/wp\/v2\/pages"}],"about":[{"href":"https:\/\/nacichej.com.pl\/de\/wp-json\/wp\/v2\/types\/page"}],"author":[{"embeddable":true,"href":"https:\/\/nacichej.com.pl\/de\/wp-json\/wp\/v2\/users\/3"}],"replies":[{"embeddable":true,"href":"https:\/\/nacichej.com.pl\/de\/wp-json\/wp\/v2\/comments?post=1251"}],"version-history":[{"count":8,"href":"https:\/\/nacichej.com.pl\/de\/wp-json\/wp\/v2\/pages\/1251\/revisions"}],"predecessor-version":[{"id":1344,"href":"https:\/\/nacichej.com.pl\/de\/wp-json\/wp\/v2\/pages\/1251\/revisions\/1344"}],"wp:featuredmedia":[{"embeddable":true,"href":"https:\/\/nacichej.com.pl\/de\/wp-json\/wp\/v2\/media\/1204"}],"wp:attachment":[{"href":"https:\/\/nacichej.com.pl\/de\/wp-json\/wp\/v2\/media?parent=1251"}],"curies":[{"name":"wp","href":"https:\/\/api.w.org\/{rel}","templated":true}]}}