{"id":161,"date":"2021-12-21T13:01:52","date_gmt":"2021-12-21T12:01:52","guid":{"rendered":"https:\/\/nacichej.com.pl\/?page_id=161"},"modified":"2023-04-11T10:24:11","modified_gmt":"2023-04-11T08:24:11","slug":"polityka-prywatnosci","status":"publish","type":"page","link":"https:\/\/nacichej.com.pl\/de\/polityka-prywatnosci\/","title":{"rendered":"Datenschutz-Bestimmungen"},"content":{"rendered":"<div id=\"div_block-58-161\" class=\"ct-div-block\" ><div id=\"div_block-59-161\" class=\"ct-div-block moving-top\" style=\"background-image:linear-gradient(rgba(0,0,0,0.2), rgba(0,0,0,0.2)), url(https:\/\/nacichej.com.pl\/wp-content\/uploads\/2023\/04\/trail-to-the-shelter-under-labski-szczyt-mountain-2022-02-06-12-50-18-utc-1-min.jpg);background-size:auto,  cover;\" ><\/div><\/div><section id=\"section-60-161\" class=\"ct-section\" ><div class=\"ct-section-inner-wrap\"><div id=\"div_block-61-161\" class=\"ct-div-block\"  data-aos=\"fade-up\" data-aos-duration=\"600\" data-aos-once=\"true\"><h1 id=\"headline-62-161\" class=\"ct-headline subtitle\">Cookies<\/h1><h1 id=\"headline-63-161\" class=\"ct-headline title\">Datenschutz-Bestimmungen<\/h1><div id=\"text_block-64-161\" class=\"ct-text-block txt\" >1. Cookies oder \u201eCookies\u201c sind kleine Textinformationen, die von der Website gesendet und auf dem Ger\u00e4t des Benutzers gespeichert werden. Sie werden vom Browser erstellt, wenn Sie eine bestimmte Seite besuchen. Sie k\u00f6nnen verwendet werden, wenn Sie die Website erneut besuchen.<br>Cookies werden nicht verwendet, um Benutzer zu identifizieren, und die Identit\u00e4t des Benutzers wird nicht auf ihrer Grundlage bestimmt.<br><br>2. Sie sind es gewohnt:<br><br>Merken Sie sich Ihre Website-Einstellungen<br>Erstellung anonymer Website-Besuchsstatistiken<br>Erstellen eines Verlaufs der angesehenen Seiten.<br><br>Sie erm\u00f6glichen eine realistische Einsch\u00e4tzung des Interesses an der Website.<br><br>3. Unsere Website verwendet Cookies, um anonyme Website-Besuchsstatistiken zu erstellen.<br>Informationen werden mit dem Google Analytics-Skript gesammelt.<br><br>Unsere Website sammelt keine Informationen, die zur Bestimmung der Identit\u00e4t des Benutzers verwendet werden.<br><br>4. Die zum Durchsuchen von Websites verwendete Software speichert standardm\u00e4\u00dfig Cookies auf dem Endger\u00e4t des Benutzers. Browserbenutzer k\u00f6nnen die Cookie-Einstellungen \u00e4ndern, um Cookies automatisch zu blockieren.<br>Das \u00c4ndern der Einstellungen kann einige der auf der Website verf\u00fcgbaren Funktionen einschr\u00e4nken.<br><div style=\"text-align: left;\">Cookies k\u00f6nnen auch jederzeit von der Festplatte Ihres Computers gel\u00f6scht werden.<\/div><\/div><div id=\"div_block-65-161\" class=\"ct-div-block\" ><\/div><\/div><\/div><\/section>","protected":false},"excerpt":{"rendered":"","protected":false},"author":3,"featured_media":1236,"parent":0,"menu_order":0,"comment_status":"closed","ping_status":"closed","template":"","meta":[],"acf":[],"_links":{"self":[{"href":"https:\/\/nacichej.com.pl\/de\/wp-json\/wp\/v2\/pages\/161"}],"collection":[{"href":"https:\/\/nacichej.com.pl\/de\/wp-json\/wp\/v2\/pages"}],"about":[{"href":"https:\/\/nacichej.com.pl\/de\/wp-json\/wp\/v2\/types\/page"}],"author":[{"embeddable":true,"href":"https:\/\/nacichej.com.pl\/de\/wp-json\/wp\/v2\/users\/3"}],"replies":[{"embeddable":true,"href":"https:\/\/nacichej.com.pl\/de\/wp-json\/wp\/v2\/comments?post=161"}],"version-history":[{"count":4,"href":"https:\/\/nacichej.com.pl\/de\/wp-json\/wp\/v2\/pages\/161\/revisions"}],"predecessor-version":[{"id":653,"href":"https:\/\/nacichej.com.pl\/de\/wp-json\/wp\/v2\/pages\/161\/revisions\/653"}],"wp:featuredmedia":[{"embeddable":true,"href":"https:\/\/nacichej.com.pl\/de\/wp-json\/wp\/v2\/media\/1236"}],"wp:attachment":[{"href":"https:\/\/nacichej.com.pl\/de\/wp-json\/wp\/v2\/media?parent=161"}],"curies":[{"name":"wp","href":"https:\/\/api.w.org\/{rel}","templated":true}]}}