{"id":416,"date":"2022-02-02T10:36:34","date_gmt":"2022-02-02T09:36:34","guid":{"rendered":"https:\/\/nacichej.com.pl\/?page_id=416"},"modified":"2023-07-24T13:24:36","modified_gmt":"2023-07-24T11:24:36","slug":"atrakcje","status":"publish","type":"page","link":"https:\/\/nacichej.com.pl\/de\/atrakcje\/","title":{"rendered":"Sehensw\u00fcrdigkeiten"},"content":{"rendered":"<div id=\"div_block-450-416\" class=\"ct-div-block\" ><div id=\"div_block-451-416\" class=\"ct-div-block moving-top\" style=\"background-image:linear-gradient(rgba(0,0,0,0.2), rgba(0,0,0,0.2)), url(https:\/\/nacichej.com.pl\/wp-content\/uploads\/2023\/04\/mountain-shelter-at-hala-szrenicka-in-giant-mounta-2021-08-27-09-01-34-utc-1.jpg);background-size:auto,  cover;\" ><\/div><\/div><section id=\"section-654-416\" class=\"ct-section\" ><div class=\"ct-section-inner-wrap\"><div id=\"div_block-827-416\" class=\"ct-div-block\"  data-aos=\"fade-up\" data-aos-duration=\"600\" data-aos-once=\"true\"><h1 id=\"headline-828-416\" class=\"ct-headline subtitle\">WO SIE UNS FINDEN<\/h1><h1 id=\"headline-829-416\" class=\"ct-headline title\">Unsere Position<\/h1><div id=\"text_block-830-416\" class=\"ct-text-block txt\" >Willa Na Cichej liegt im malerischen Ort Szklarska Por\u0119ba, direkt im Herzen des Karkonosze-Gebirges. Es ist ein ideales Reiseziel f\u00fcr Naturliebhaber, die die Sch\u00f6nheit der bergigen Landschaft genie\u00dfen und die Vielfalt der lokalen Sehensw\u00fcrdigkeiten entdecken m\u00f6chten. Mit seiner atemberaubenden Umgebung und endlosen M\u00f6glichkeiten f\u00fcr Abenteuer ist Willa Na Cichej der perfekte Ort, um die Magie der Berge zu erleben!<br><\/div><div id=\"div_block-831-416\" class=\"ct-div-block decor\" ><\/div><\/div><\/div><\/section><section id=\"section-738-416\" class=\"ct-section section\" ><div class=\"ct-section-inner-wrap\"><div id=\"div_block-739-416\" class=\"ct-div-block w50 imgContainer\" ><div id=\"div_block-740-416\" class=\"ct-div-block about-imgBig\" ><img decoding=\"async\"  id=\"image-741-416\" alt=\"\" src=\"https:\/\/nacichej.com.pl\/wp-content\/uploads\/2023\/04\/890-DJI_0371-HDR_pomniejszone.jpg\" class=\"ct-image cover-image\"\/><\/div><div id=\"div_block-742-416\" class=\"ct-div-block about-imgSmall\" ><img decoding=\"async\"  id=\"image-743-416\" alt=\"\" src=\"https:\/\/nacichej.com.pl\/wp-content\/uploads\/2023\/04\/hiking-woman-with-her-children-in-romanian-mountai-2021-08-26-17-52-35-utc-1-min.jpg\" class=\"ct-image cover-image\"\/><\/div><\/div><div id=\"div_block-744-416\" class=\"ct-div-block w50 textContainer\" ><h1 id=\"headline-745-416\" class=\"ct-headline subtitle\">Im Herzen des Riesengebirges<\/h1><h1 id=\"headline-746-416\" class=\"ct-headline title\">Szklarska Por\u0119ba<\/h1><div id=\"text_block-747-416\" class=\"ct-text-block txt\" >In the vicinity of the villa, there are many places worth visiting. One of the most popular attractions is a trip to the Karkonosze National Park, which is one of the most beautiful national parks in Poland. In the park, you can admire the mountains, forests, waterfalls, as well as the richness of flora and fauna.<br><br>F\u00fcr Wintersport-Enthusiasten gibt es in der N\u00e4he der Villa zahlreiche Skigebiete wie Szrenica, Kopa und Harrachov, das auf der tschechischen Seite der Grenze liegt. W\u00e4hrend der Sommersaison lohnt es sich, die vielen Wanderwege und Spazierg\u00e4nge zu nutzen, die zu malerischen Aussichtspunkten und einzigartigen Zielen f\u00fchren.<\/div><\/div><\/div><\/section><section id=\"section-108-416\" class=\"ct-section\" style=\"background-image:linear-gradient(rgba(255,255,255,0.81), rgba(255,255,255,0.81)), url(https:\/\/nacichej.com.pl\/wp-content\/uploads\/2022\/02\/bg3.jpg);background-size:auto,  cover;\" ><div class=\"ct-section-inner-wrap\"><h1 id=\"headline-464-416\" class=\"ct-headline subtitle\">WAS KANN MAN IN DER GEGEND UNTERNEHMEN?<\/h1><div id=\"text_block-110-416\" class=\"ct-text-block title\" >Sehensw\u00fcrdigkeiten<\/div><div id=\"text_block-467-416\" class=\"ct-text-block txt txt--center\" >Das Riesengebirge garantiert viele Attraktionen.<\/div><div id=\"_dynamic_list-143-416\" class=\"oxy-dynamic-list\"><div id=\"div_block-144-416-1\" class=\"ct-div-block\" data-id=\"div_block-144-416\"><div id=\"div_block-147-416-1\" class=\"ct-div-block offert-tile\" data-id=\"div_block-147-416\"><div id=\"div_block-148-416-1\" class=\"ct-div-block offert-tile-img\" data-id=\"div_block-148-416\"><img decoding=\"async\" id=\"image-149-416-1\" alt=\"\" src=\"https:\/\/nacichej.com.pl\/wp-content\/uploads\/2023\/04\/kamienczyk-waterfall-in-szklarska-poreba-poland-2022-02-04-03-04-03-utc-Maly.jpg\" class=\"ct-image cover-image\" data-id=\"image-149-416\"><\/div><div id=\"div_block-150-416-1\" class=\"ct-div-block offert-details\" data-id=\"div_block-150-416\"><div id=\"text_block-151-416-1\" class=\"ct-text-block offert-subtite\" data-id=\"text_block-151-416\"><span id=\"span-371-416\" class=\"ct-span\" >Natur<\/span><\/div><div id=\"text_block-152-416-1\" class=\"ct-text-block offert-title\" data-id=\"text_block-152-416\"><div><span style=\"background-color: transparent;\"><span id=\"span-225-416\" class=\"ct-span\" >Kamie\u0144czyk<\/span><\/span><\/div><\/div><div id=\"div_block-153-416-1\" class=\"ct-div-block details-hidden\" data-id=\"div_block-153-416\"><div id=\"text_block-154-416-1\" class=\"ct-text-block txt hidden\" data-id=\"text_block-154-416\"><span id=\"span-217-416\" class=\"ct-span\" >Ein idealer Ort f\u00fcr Naturliebhaber, die die Sch\u00f6nheit der polnischen Berge sehen und den Charme des rauschenden Wassers genie\u00dfen m\u00f6chten<\/span> <br><\/div><\/div><\/div><div id=\"div_block-156-416-1\" class=\"ct-div-block offert-overlay\" data-id=\"div_block-156-416\"><\/div><\/div><\/div><div id=\"div_block-144-416-2\" class=\"ct-div-block\" data-id=\"div_block-144-416\"><div id=\"div_block-147-416-2\" class=\"ct-div-block offert-tile\" data-id=\"div_block-147-416\"><div id=\"div_block-148-416-2\" class=\"ct-div-block offert-tile-img\" data-id=\"div_block-148-416\"><img decoding=\"async\" id=\"image-149-416-2\" alt=\"\" src=\"https:\/\/nacichej.com.pl\/wp-content\/uploads\/2023\/04\/mountain-shelter-at-hala-szrenicka-in-giant-mounta-2021-08-27-09-01-34-utc-Maly.jpg\" class=\"ct-image cover-image\" data-id=\"image-149-416\"><\/div><div id=\"div_block-150-416-2\" class=\"ct-div-block offert-details\" data-id=\"div_block-150-416\"><div id=\"text_block-151-416-2\" class=\"ct-text-block offert-subtite\" data-id=\"text_block-151-416\"><span id=\"span-371-416\" class=\"ct-span\" >Berge<\/span><\/div><div id=\"text_block-152-416-2\" class=\"ct-text-block offert-title\" data-id=\"text_block-152-416\"><div><span style=\"background-color: transparent;\"><span id=\"span-225-416\" class=\"ct-span\" >Hala Szrenicka<\/span><\/span><\/div><\/div><div id=\"div_block-153-416-2\" class=\"ct-div-block details-hidden\" data-id=\"div_block-153-416\"><div id=\"text_block-154-416-2\" class=\"ct-text-block txt hidden\" data-id=\"text_block-154-416\"><span id=\"span-217-416\" class=\"ct-span\" >Eine der sch\u00f6nsten Lichtungen im Karkonosze-Gebirge, die unvergessliche Ausblicke auf die Berge und T\u00e4ler bietet.<\/span> <br><\/div><\/div><\/div><div id=\"div_block-156-416-2\" class=\"ct-div-block offert-overlay\" data-id=\"div_block-156-416\"><\/div><\/div><\/div><div id=\"div_block-144-416-3\" class=\"ct-div-block\" data-id=\"div_block-144-416\"><div id=\"div_block-147-416-3\" class=\"ct-div-block offert-tile\" data-id=\"div_block-147-416\"><div id=\"div_block-148-416-3\" class=\"ct-div-block offert-tile-img\" data-id=\"div_block-148-416\"><img decoding=\"async\" id=\"image-149-416-3\" alt=\"\" src=\"https:\/\/nacichej.com.pl\/wp-content\/uploads\/2023\/04\/tomasz-smal-t7T1c0eVD_0-unsplash-Maly.jpg\" class=\"ct-image cover-image\" data-id=\"image-149-416\"><\/div><div id=\"div_block-150-416-3\" class=\"ct-div-block offert-details\" data-id=\"div_block-150-416\"><div id=\"text_block-151-416-3\" class=\"ct-text-block offert-subtite\" data-id=\"text_block-151-416\"><span id=\"span-371-416\" class=\"ct-span\" >Bizarr<\/span><\/div><div id=\"text_block-152-416-3\" class=\"ct-text-block offert-title\" data-id=\"text_block-152-416\"><div><span style=\"background-color: transparent;\"><span id=\"span-225-416\" class=\"ct-span\" >Zakr\u0119t \u015amierci<\/span><\/span><\/div><\/div><div id=\"div_block-153-416-3\" class=\"ct-div-block details-hidden\" data-id=\"div_block-153-416\"><div id=\"text_block-154-416-3\" class=\"ct-text-block txt hidden\" data-id=\"text_block-154-416\"><span id=\"span-217-416\" class=\"ct-span\" >Jeden z najpopularniejszych punkt\u00f3w widokowych w <a href=\"https:\/\/nacichej.com.pl\/de\/szklarska-poreba\/\"  style=\"text-decoration: none; color:#FFFFFF\" >Szklarskiej Por\u0119bie.<\/a><\/span> <br><\/div><\/div><\/div><div id=\"div_block-156-416-3\" class=\"ct-div-block offert-overlay\" data-id=\"div_block-156-416\"><\/div><\/div><\/div><div id=\"div_block-144-416-4\" class=\"ct-div-block\" data-id=\"div_block-144-416\"><div id=\"div_block-147-416-4\" class=\"ct-div-block offert-tile\" data-id=\"div_block-147-416\"><div id=\"div_block-148-416-4\" class=\"ct-div-block offert-tile-img\" data-id=\"div_block-148-416\"><img decoding=\"async\" id=\"image-149-416-4\" alt=\"\" src=\"https:\/\/nacichej.com.pl\/wp-content\/uploads\/2023\/04\/17-13-22-0013.webp\" class=\"ct-image cover-image\" data-id=\"image-149-416\"><\/div><div id=\"div_block-150-416-4\" class=\"ct-div-block offert-details\" data-id=\"div_block-150-416\"><div id=\"text_block-151-416-4\" class=\"ct-text-block offert-subtite\" data-id=\"text_block-151-416\"><span id=\"span-371-416\" class=\"ct-span\" >Wasserfall<\/span><\/div><div id=\"text_block-152-416-4\" class=\"ct-text-block offert-title\" data-id=\"text_block-152-416\"><div><span style=\"background-color: transparent;\"><span id=\"span-225-416\" class=\"ct-span\" >Wodospad Szklarki<\/span><\/span><\/div><\/div><div id=\"div_block-153-416-4\" class=\"ct-div-block details-hidden\" data-id=\"div_block-153-416\"><div id=\"text_block-154-416-4\" class=\"ct-text-block txt hidden\" data-id=\"text_block-154-416\"><span id=\"span-217-416\" class=\"ct-span\" >Der Szklarka-Wasserfall ist einer der gr\u00f6\u00dferen und sch\u00f6neren Wasserf\u00e4lle im Karkonosze-Gebirge. <\/span> <br><\/div><\/div><\/div><div id=\"div_block-156-416-4\" class=\"ct-div-block offert-overlay\" data-id=\"div_block-156-416\"><\/div><\/div><\/div><div id=\"div_block-144-416-5\" class=\"ct-div-block\" data-id=\"div_block-144-416\"><div id=\"div_block-147-416-5\" class=\"ct-div-block offert-tile\" data-id=\"div_block-147-416\"><div id=\"div_block-148-416-5\" class=\"ct-div-block offert-tile-img\" data-id=\"div_block-148-416\"><img decoding=\"async\" id=\"image-149-416-5\" alt=\"\" src=\"https:\/\/nacichej.com.pl\/wp-content\/uploads\/2023\/04\/17-10-36-5799.webp\" class=\"ct-image cover-image\" data-id=\"image-149-416\"><\/div><div id=\"div_block-150-416-5\" class=\"ct-div-block offert-details\" data-id=\"div_block-150-416\"><div id=\"text_block-151-416-5\" class=\"ct-text-block offert-subtite\" data-id=\"text_block-151-416\"><span id=\"span-371-416\" class=\"ct-span\" >In den Bergen<\/span><\/div><div id=\"text_block-152-416-5\" class=\"ct-text-block offert-title\" data-id=\"text_block-152-416\"><div><span style=\"background-color: transparent;\"><span id=\"span-225-416\" class=\"ct-span\" >\u015anie\u017cne Kot\u0142y<\/span><\/span><\/div><\/div><div id=\"div_block-153-416-5\" class=\"ct-div-block details-hidden\" data-id=\"div_block-153-416\"><div id=\"text_block-154-416-5\" class=\"ct-text-block txt hidden\" data-id=\"text_block-154-416\"><span id=\"span-217-416\" class=\"ct-span\" >Nach der einhelliger Meinung von vielen Bergliebhabern ist es eine der sch\u00f6nsten Ecken der Karkonosze.<\/span> <br><\/div><\/div><\/div><div id=\"div_block-156-416-5\" class=\"ct-div-block offert-overlay\" data-id=\"div_block-156-416\"><\/div><\/div><\/div><div id=\"div_block-144-416-6\" class=\"ct-div-block\" data-id=\"div_block-144-416\"><div id=\"div_block-147-416-6\" class=\"ct-div-block offert-tile\" data-id=\"div_block-147-416\"><div id=\"div_block-148-416-6\" class=\"ct-div-block offert-tile-img\" data-id=\"div_block-148-416\"><img decoding=\"async\" id=\"image-149-416-6\" alt=\"\" src=\"https:\/\/nacichej.com.pl\/wp-content\/uploads\/2023\/04\/17-11-16-5525.webp\" class=\"ct-image cover-image\" data-id=\"image-149-416\"><\/div><div id=\"div_block-150-416-6\" class=\"ct-div-block offert-details\" data-id=\"div_block-150-416\"><div id=\"text_block-151-416-6\" class=\"ct-text-block offert-subtite\" data-id=\"text_block-151-416\"><span id=\"span-371-416\" class=\"ct-span\" >F\u00fcr Kinder<\/span><\/div><div id=\"text_block-152-416-6\" class=\"ct-text-block offert-title\" data-id=\"text_block-152-416\"><div><span style=\"background-color: transparent;\"><span id=\"span-225-416\" class=\"ct-span\" >Dinopark<\/span><\/span><\/div><\/div><div id=\"div_block-153-416-6\" class=\"ct-div-block details-hidden\" data-id=\"div_block-153-416\"><div id=\"text_block-154-416-6\" class=\"ct-text-block txt hidden\" data-id=\"text_block-154-416\"><span id=\"span-217-416\" class=\"ct-span\" >Der Dinosaurierpark in Szklarska Por\u0119ba ist ein gro\u00dfartiger Ort f\u00fcr Bildung und Unterhaltung f\u00fcr die J\u00fcngsten. <\/span> <br><\/div><\/div><\/div><div id=\"div_block-156-416-6\" class=\"ct-div-block offert-overlay\" data-id=\"div_block-156-416\"><\/div><\/div><\/div><\/div>\n<\/div><\/section>","protected":false},"excerpt":{"rendered":"","protected":false},"author":3,"featured_media":1237,"parent":0,"menu_order":0,"comment_status":"closed","ping_status":"closed","template":"","meta":[],"acf":[],"_links":{"self":[{"href":"https:\/\/nacichej.com.pl\/de\/wp-json\/wp\/v2\/pages\/416"}],"collection":[{"href":"https:\/\/nacichej.com.pl\/de\/wp-json\/wp\/v2\/pages"}],"about":[{"href":"https:\/\/nacichej.com.pl\/de\/wp-json\/wp\/v2\/types\/page"}],"author":[{"embeddable":true,"href":"https:\/\/nacichej.com.pl\/de\/wp-json\/wp\/v2\/users\/3"}],"replies":[{"embeddable":true,"href":"https:\/\/nacichej.com.pl\/de\/wp-json\/wp\/v2\/comments?post=416"}],"version-history":[{"count":47,"href":"https:\/\/nacichej.com.pl\/de\/wp-json\/wp\/v2\/pages\/416\/revisions"}],"predecessor-version":[{"id":1395,"href":"https:\/\/nacichej.com.pl\/de\/wp-json\/wp\/v2\/pages\/416\/revisions\/1395"}],"wp:featuredmedia":[{"embeddable":true,"href":"https:\/\/nacichej.com.pl\/de\/wp-json\/wp\/v2\/media\/1237"}],"wp:attachment":[{"href":"https:\/\/nacichej.com.pl\/de\/wp-json\/wp\/v2\/media?parent=416"}],"curies":[{"name":"wp","href":"https:\/\/api.w.org\/{rel}","templated":true}]}}