{"id":1242,"date":"2023-04-11T09:56:42","date_gmt":"2023-04-11T07:56:42","guid":{"rendered":"https:\/\/nacichej.com.pl\/?page_id=1242"},"modified":"2023-05-08T11:46:05","modified_gmt":"2023-05-08T09:46:05","slug":"historia","status":"publish","type":"page","link":"https:\/\/nacichej.com.pl\/en\/historia\/","title":{"rendered":"History"},"content":{"rendered":"<div id=\"div_block-2-1242\" class=\"ct-div-block\" ><div id=\"div_block-3-1242\" class=\"ct-div-block moving-top\" style=\"background-image:linear-gradient(rgba(0,0,0,0.2), rgba(0,0,0,0.2)), url(https:\/\/nacichej.com.pl\/wp-content\/uploads\/2023\/04\/890-DJI_0371-HDR_pomniejszone.jpg);background-size:auto,  cover;\" ><\/div><\/div><section id=\"section-4-1242\" class=\"ct-section\" ><div class=\"ct-section-inner-wrap\"><div id=\"div_block-5-1242\" class=\"ct-div-block\"  data-aos=\"fade-up\" data-aos-duration=\"600\" data-aos-once=\"true\"><h1 id=\"headline-6-1242\" class=\"ct-headline subtitle\">Our<\/h1><h1 id=\"headline-7-1242\" class=\"ct-headline title\">History<\/h1><div id=\"text_block-8-1242\" class=\"ct-text-block txt\" >The building located in Chicha St. in Szklarska Por\u0119ba was erected in the beginning of the 20th century by the Schude family living in the region. The legal owner of the building, which already back then was a guesthouse, was Mrs. Maria Schmude, and that is how the house got its name,\u201cHaus Anna Maria\u201d. The building was extremely modern, equipped with a plumbing system with hot and cold water, central heating, and bathrooms.<br><\/div><div id=\"div_block-9-1242\" class=\"ct-div-block decor\" ><\/div><\/div><\/div><\/section><section id=\"section-10-1242\" class=\"ct-section section\" ><div class=\"ct-section-inner-wrap\"><div id=\"div_block-11-1242\" class=\"ct-div-block w50 imgContainer\" ><div id=\"div_block-12-1242\" class=\"ct-div-block about-imgBig\" ><img decoding=\"async\"  id=\"image-13-1242\" alt=\"\" src=\"https:\/\/nacichej.com.pl\/wp-content\/uploads\/2023\/04\/historia-willi.jpg\" class=\"ct-image cover-image\"\/><\/div><div id=\"div_block-14-1242\" class=\"ct-div-block about-imgSmall\" ><img decoding=\"async\"  id=\"image-15-1242\" alt=\"\" src=\"https:\/\/nacichej.com.pl\/wp-content\/uploads\/2023\/04\/willa-szklarska-poreba.jpg\" class=\"ct-image cover-image\"\/><\/div><\/div><div id=\"div_block-16-1242\" class=\"ct-div-block w50 textContainer\" ><h1 id=\"headline-17-1242\" class=\"ct-headline subtitle\">Mountain Belvedere<\/h1><h1 id=\"headline-18-1242\" class=\"ct-headline title\">Post-war years<\/h1><div id=\"text_block-19-1242\" class=\"ct-text-block txt\" >In the years following the war, the building was used as a holiday house for the Polish President\u2019s office and during this period it was called the \u201cMountain Belvedere\u201d.  Afterwards, for many years, it was subjected to excessive use, which, combined with lack of any renovations, took it to the brink of deterioration.<br><br>W 2009 roku obiekt sprzedany przez Miasto Szklarska Por\u0119ba trafi\u0142 w r\u0119ce obecnego w\u0142a\u015bciciela, kt\u00f3ry podarowa\u0142 mu nowe \u017cycie. Po ponad dwuletniej przebudowie i odbudowie w roku 2012 obiekt ponownie wraca do zasob\u00f3w budynk\u00f3w turystycznych.<\/div><\/div><\/div><\/section><section id=\"section-26-1242\" class=\"ct-section\" ><div class=\"ct-section-inner-wrap\"><div id=\"div_block-27-1242\" class=\"ct-div-block\" ><div id=\"text_block-28-1242\" class=\"ct-text-block subtitle\" >specially for you<\/div><div id=\"text_block-29-1242\" class=\"ct-text-block title\" >Special offers<\/div><\/div>\n\t\t<div id=\"-carousel-builder-30-1242\" class=\"oxy-carousel-builder carousel-packages\" ><div class=\"oxy-carousel-builder_inner oxy-inner-content\" data-prev=\".oxy-carousel-builder_prev\" data-next=\".oxy-carousel-builder_next\" data-contain=\"true\" data-percent=\"true\" data-freescroll=\"false\" data-draggable=\"true\" data-wraparound=\"true\" data-carousel=\".oxy-dynamic-list\" data-cell=\"\" data-dragthreshold=\"3\" data-selectedattraction=\"0.025\" data-friction=\"0.28\" data-freescrollfriction=\"0.075\" data-forceheight=\"false\" data-fade=\"false\" data-tickerpause=\"true\" data-groupcells=\"1\" data-autoplay=\"5000\" data-pauseautoplay=\"true\" data-hash=\"false\" data-initial=\"1\" data-accessibility=\"true\" data-cellalign=\"center\" data-righttoleft=\"false\" data-images-loaded=\"true\" data-pagedots=\"false\" data-trigger-aos=\"false\" data-clickselect=\"false\" data-preview=\"true\" data-tick=\"false\" ><div id=\"_dynamic_list-31-1242\" class=\"oxy-dynamic-list\"><div id=\"div_block-32-1242-1\" class=\"ct-div-block package-tile\" data-id=\"div_block-32-1242\"><a id=\"link-2-1184-1\" class=\"ct-link\" href=\"https:\/\/nacichej.com.pl\/en\/oferta_specjalna\/ferie-w-willi-na-cichej\/\" target=\"_self\" data-id=\"link-2-1184\"><div id=\"div_block-3-1184-1\" class=\"ct-div-block media-wrapper\" data-id=\"div_block-3-1184\"><img decoding=\"async\" id=\"image-16-1184-1\" alt=\"\" src=\"https:\/\/nacichej.com.pl\/wp-content\/uploads\/2023\/04\/couple-having-fun-with-sledge-on-snow-in-winter-2022-01-03-15-16-36-utc-1-min.jpg\" class=\"ct-image cover-image media-wrapper__img\" data-id=\"image-16-1184\"><div id=\"code_block-5-1184-1\" class=\"ct-code-block media-wrapper__video\" data-id=\"code_block-5-1184\"><div style=\"overflow:hidden;height:100%; width:100%;\">\n  <video preload=\"none\" class=\"package-video\" loop muted playsinline style=\"width:100%;height:100%;object-fit:cover;opacity:0;transition:300ms opacity;\">\n    <source src=\"https:\/\/nacichej.com.pl\/wp-content\/uploads\/2023\/09\/mountains_-_7418-540p.mp4\" type=\"video\/webm\">\n  <\/source><\/video>\n<\/div>\n<\/div><\/div><div id=\"div_block-6-1184-1\" class=\"ct-div-block\" data-id=\"div_block-6-1184\"><div id=\"text_block-7-1184-1\" class=\"ct-text-block\" data-id=\"text_block-7-1184\"><span id=\"span-8-1184\" class=\"ct-span\" >Winter holidays in Willa Na Cichej<\/span><\/div><div id=\"div_block-9-1184-1\" class=\"ct-div-block\" data-id=\"div_block-9-1184\"><\/div><\/div><\/a><\/div><div id=\"div_block-32-1242-2\" class=\"ct-div-block package-tile\" data-id=\"div_block-32-1242\"><a id=\"link-2-1184-2\" class=\"ct-link\" href=\"https:\/\/nacichej.com.pl\/en\/oferta_specjalna\/wielkanoc-w-willi-na-cichej\/\" target=\"_self\" data-id=\"link-2-1184\"><div id=\"div_block-3-1184-2\" class=\"ct-div-block media-wrapper\" data-id=\"div_block-3-1184\"><img decoding=\"async\" id=\"image-16-1184-2\" alt=\"\" src=\"https:\/\/nacichej.com.pl\/wp-content\/uploads\/2023\/11\/1000_F_326316438_gNqHTAtNTZBc2sxk0LYBUbDea26tU6e0-1.jpg\" class=\"ct-image cover-image media-wrapper__img\" data-id=\"image-16-1184\"><div id=\"code_block-5-1184-2\" class=\"ct-code-block media-wrapper__video\" data-id=\"code_block-5-1184\"><div style=\"overflow:hidden;height:100%; width:100%;\">\n  <video preload=\"none\" class=\"package-video\" loop muted playsinline style=\"width:100%;height:100%;object-fit:cover;opacity:0;transition:300ms opacity;\">\n    <source src=\"https:\/\/nacichej.com.pl\/wp-content\/uploads\/2023\/11\/flower_-_22031-540p.mp4\" type=\"video\/webm\">\n  <\/source><\/video>\n<\/div>\n<\/div><\/div><div id=\"div_block-6-1184-2\" class=\"ct-div-block\" data-id=\"div_block-6-1184\"><div id=\"text_block-7-1184-2\" class=\"ct-text-block\" data-id=\"text_block-7-1184\"><span id=\"span-8-1184\" class=\"ct-span\" >WIELKANOC W Willi Na Cichej<\/span><\/div><div id=\"div_block-9-1184-2\" class=\"ct-div-block\" data-id=\"div_block-9-1184\"><\/div><\/div><\/a><\/div><div id=\"div_block-32-1242-3\" class=\"ct-div-block package-tile\" data-id=\"div_block-32-1242\"><a id=\"link-2-1184-3\" class=\"ct-link\" href=\"https:\/\/nacichej.com.pl\/en\/oferta_specjalna\/sluzbowy-listopad\/\" target=\"_self\" data-id=\"link-2-1184\"><div id=\"div_block-3-1184-3\" class=\"ct-div-block media-wrapper\" data-id=\"div_block-3-1184\"><img decoding=\"async\" id=\"image-16-1184-3\" alt=\"\" src=\"https:\/\/nacichej.com.pl\/wp-content\/uploads\/2023\/04\/17-10-36-5799.webp\" class=\"ct-image cover-image media-wrapper__img\" data-id=\"image-16-1184\"><div id=\"code_block-5-1184-3\" class=\"ct-code-block media-wrapper__video\" data-id=\"code_block-5-1184\"><div style=\"overflow:hidden;height:100%; width:100%;\">\n  <video preload=\"none\" class=\"package-video\" loop muted playsinline style=\"width:100%;height:100%;object-fit:cover;opacity:0;transition:300ms opacity;\">\n    <source src=\"https:\/\/nacichej.com.pl\/wp-content\/uploads\/2023\/05\/1-2.mp4\" type=\"video\/webm\">\n  <\/source><\/video>\n<\/div>\n<\/div><\/div><div id=\"div_block-6-1184-3\" class=\"ct-div-block\" data-id=\"div_block-6-1184\"><div id=\"text_block-7-1184-3\" class=\"ct-text-block\" data-id=\"text_block-7-1184\"><span id=\"span-8-1184\" class=\"ct-span\" >Business November<\/span><\/div><div id=\"div_block-9-1184-3\" class=\"ct-div-block\" data-id=\"div_block-9-1184\"><\/div><\/div><\/a><\/div><div id=\"div_block-32-1242-4\" class=\"ct-div-block package-tile\" data-id=\"div_block-32-1242\"><a id=\"link-2-1184-4\" class=\"ct-link\" href=\"https:\/\/nacichej.com.pl\/en\/oferta_specjalna\/w-tygodniu-taniej\/\" target=\"_self\" data-id=\"link-2-1184\"><div id=\"div_block-3-1184-4\" class=\"ct-div-block media-wrapper\" data-id=\"div_block-3-1184\"><img decoding=\"async\" id=\"image-16-1184-4\" alt=\"\" src=\"https:\/\/nacichej.com.pl\/wp-content\/uploads\/2023\/04\/nordic-walking-2021-08-26-22-58-29-utc-1-min.jpg\" class=\"ct-image cover-image media-wrapper__img\" data-id=\"image-16-1184\"><div id=\"code_block-5-1184-4\" class=\"ct-code-block media-wrapper__video\" data-id=\"code_block-5-1184\"><div style=\"overflow:hidden;height:100%; width:100%;\">\n  <video preload=\"none\" class=\"package-video\" loop muted playsinline style=\"width:100%;height:100%;object-fit:cover;opacity:0;transition:300ms opacity;\">\n    <source src=\"https:\/\/nacichej.com.pl\/wp-content\/uploads\/2023\/05\/2.mp4\" type=\"video\/webm\">\n  <\/source><\/video>\n<\/div>\n<\/div><\/div><div id=\"div_block-6-1184-4\" class=\"ct-div-block\" data-id=\"div_block-6-1184\"><div id=\"text_block-7-1184-4\" class=\"ct-text-block\" data-id=\"text_block-7-1184\"><span id=\"span-8-1184\" class=\"ct-span\" >Cheaper during the week<\/span><\/div><div id=\"div_block-9-1184-4\" class=\"ct-div-block\" data-id=\"div_block-9-1184\"><\/div><\/div><\/a><\/div><div id=\"div_block-32-1242-5\" class=\"ct-div-block package-tile\" data-id=\"div_block-32-1242\"><a id=\"link-2-1184-5\" class=\"ct-link\" href=\"https:\/\/nacichej.com.pl\/en\/oferta_specjalna\/relaks-po-swietach\/\" target=\"_self\" data-id=\"link-2-1184\"><div id=\"div_block-3-1184-5\" class=\"ct-div-block media-wrapper\" data-id=\"div_block-3-1184\"><img decoding=\"async\" id=\"image-16-1184-5\" alt=\"\" src=\"https:\/\/nacichej.com.pl\/wp-content\/uploads\/2023\/04\/christmas-lights-christmas-vibe-winter-holiday-2022-11-08-03-05-34-utc-Duzy-1024x683.jpg\" class=\"ct-image cover-image media-wrapper__img\" data-id=\"image-16-1184\"><div id=\"code_block-5-1184-5\" class=\"ct-code-block media-wrapper__video\" data-id=\"code_block-5-1184\"><div style=\"overflow:hidden;height:100%; width:100%;\">\n  <video preload=\"none\" class=\"package-video\" loop muted playsinline style=\"width:100%;height:100%;object-fit:cover;opacity:0;transition:300ms opacity;\">\n    <source src=\"https:\/\/nacichej.com.pl\/wp-content\/uploads\/2023\/04\/relaks.mp4\" type=\"video\/webm\">\n  <\/source><\/video>\n<\/div>\n<\/div><\/div><div id=\"div_block-6-1184-5\" class=\"ct-div-block\" data-id=\"div_block-6-1184\"><div id=\"text_block-7-1184-5\" class=\"ct-text-block\" data-id=\"text_block-7-1184\"><span id=\"span-8-1184\" class=\"ct-span\" >Relaks po \u015bwi\u0119tach<\/span><\/div><div id=\"div_block-9-1184-5\" class=\"ct-div-block\" data-id=\"div_block-9-1184\"><\/div><\/div><\/a><\/div><div id=\"div_block-32-1242-6\" class=\"ct-div-block package-tile\" data-id=\"div_block-32-1242\"><a id=\"link-2-1184-6\" class=\"ct-link\" href=\"https:\/\/nacichej.com.pl\/en\/oferta_specjalna\/jesien-w-karkonoszach\/\" target=\"_self\" data-id=\"link-2-1184\"><div id=\"div_block-3-1184-6\" class=\"ct-div-block media-wrapper\" data-id=\"div_block-3-1184\"><img decoding=\"async\" id=\"image-16-1184-6\" alt=\"\" src=\"https:\/\/nacichej.com.pl\/wp-content\/uploads\/2023\/04\/family-hiking-in-the-mountains-2022-11-07-21-57-21-utc-Duzy-min-1024x683.jpg\" class=\"ct-image cover-image media-wrapper__img\" data-id=\"image-16-1184\"><div id=\"code_block-5-1184-6\" class=\"ct-code-block media-wrapper__video\" data-id=\"code_block-5-1184\"><div style=\"overflow:hidden;height:100%; width:100%;\">\n  <video preload=\"none\" class=\"package-video\" loop muted playsinline style=\"width:100%;height:100%;object-fit:cover;opacity:0;transition:300ms opacity;\">\n    <source src=\"https:\/\/nacichej.com.pl\/wp-content\/uploads\/2023\/04\/family-with-infant-baby-enjoy-sunrise-in-the-mount-2022-12-29-01-16-29-utc.mp4\" type=\"video\/webm\">\n  <\/source><\/video>\n<\/div>\n<\/div><\/div><div id=\"div_block-6-1184-6\" class=\"ct-div-block\" data-id=\"div_block-6-1184\"><div id=\"text_block-7-1184-6\" class=\"ct-text-block\" data-id=\"text_block-7-1184\"><span id=\"span-8-1184\" class=\"ct-span\" >Autumn in the Giant Mountains<\/span><\/div><div id=\"div_block-9-1184-6\" class=\"ct-div-block\" data-id=\"div_block-9-1184\"><\/div><\/div><\/a><\/div><div id=\"div_block-32-1242-7\" class=\"ct-div-block package-tile\" data-id=\"div_block-32-1242\"><a id=\"link-2-1184-7\" class=\"ct-link\" href=\"https:\/\/nacichej.com.pl\/en\/oferta_specjalna\/rezerwacje-grupowe\/\" target=\"_self\" data-id=\"link-2-1184\"><div id=\"div_block-3-1184-7\" class=\"ct-div-block media-wrapper\" data-id=\"div_block-3-1184\"><img decoding=\"async\" id=\"image-16-1184-7\" alt=\"\" src=\"https:\/\/nacichej.com.pl\/wp-content\/uploads\/2024\/10\/young-people-3575167_1280-1024x682.jpg\" class=\"ct-image cover-image media-wrapper__img\" data-id=\"image-16-1184\"><div id=\"code_block-5-1184-7\" class=\"ct-code-block media-wrapper__video\" data-id=\"code_block-5-1184\"><div style=\"overflow:hidden;height:100%; width:100%;\">\n  <video preload=\"none\" class=\"package-video\" loop muted playsinline style=\"width:100%;height:100%;object-fit:cover;opacity:0;transition:300ms opacity;\">\n    <source src=\"https:\/\/nacichej.com.pl\/wp-content\/uploads\/2024\/10\/214780_small.mp4\" type=\"video\/webm\">\n  <\/source><\/video>\n<\/div>\n<\/div><\/div><div id=\"div_block-6-1184-7\" class=\"ct-div-block\" data-id=\"div_block-6-1184\"><div id=\"text_block-7-1184-7\" class=\"ct-text-block\" data-id=\"text_block-7-1184\"><span id=\"span-8-1184\" class=\"ct-span\" >Group bookings<\/span><\/div><div id=\"div_block-9-1184-7\" class=\"ct-div-block\" data-id=\"div_block-9-1184\"><\/div><\/div><\/a><\/div><div id=\"div_block-32-1242-8\" class=\"ct-div-block package-tile\" data-id=\"div_block-32-1242\"><a id=\"link-2-1184-8\" class=\"ct-link\" href=\"https:\/\/nacichej.com.pl\/en\/oferta_specjalna\/boze-narodzenie\/\" target=\"_self\" data-id=\"link-2-1184\"><div id=\"div_block-3-1184-8\" class=\"ct-div-block media-wrapper\" data-id=\"div_block-3-1184\"><img decoding=\"async\" id=\"image-16-1184-8\" alt=\"\" src=\"https:\/\/nacichej.com.pl\/wp-content\/uploads\/2023\/04\/christmas-eve-table-waiting-for-guests-2022-04-08-01-04-49-utc-Duzy-1024x683.jpg\" class=\"ct-image cover-image media-wrapper__img\" data-id=\"image-16-1184\"><div id=\"code_block-5-1184-8\" class=\"ct-code-block media-wrapper__video\" data-id=\"code_block-5-1184\"><div style=\"overflow:hidden;height:100%; width:100%;\">\n  <video preload=\"none\" class=\"package-video\" loop muted playsinline style=\"width:100%;height:100%;object-fit:cover;opacity:0;transition:300ms opacity;\">\n    <source src=\"https:\/\/nacichej.com.pl\/wp-content\/uploads\/2023\/09\/happy_new_year_-_3565-540p.mp4\" type=\"video\/webm\">\n  <\/source><\/video>\n<\/div>\n<\/div><\/div><div id=\"div_block-6-1184-8\" class=\"ct-div-block\" data-id=\"div_block-6-1184\"><div id=\"text_block-7-1184-8\" class=\"ct-text-block\" data-id=\"text_block-7-1184\"><span id=\"span-8-1184\" class=\"ct-span\" >Christmas<\/span><\/div><div id=\"div_block-9-1184-8\" class=\"ct-div-block\" data-id=\"div_block-9-1184\"><\/div><\/div><\/a><\/div><div id=\"div_block-32-1242-9\" class=\"ct-div-block package-tile\" data-id=\"div_block-32-1242\"><a id=\"link-2-1184-9\" class=\"ct-link\" href=\"https:\/\/nacichej.com.pl\/en\/oferta_specjalna\/wakacje-w-willi-na-cichej\/\" target=\"_self\" data-id=\"link-2-1184\"><div id=\"div_block-3-1184-9\" class=\"ct-div-block media-wrapper\" data-id=\"div_block-3-1184\"><img decoding=\"async\" id=\"image-16-1184-9\" alt=\"\" src=\"https:\/\/nacichej.com.pl\/wp-content\/uploads\/2023\/04\/father-and-daughter-stands-on-the-top-of-mountains-2022-11-02-16-10-26-utc-Duzy-min-1024x683.jpg\" class=\"ct-image cover-image media-wrapper__img\" data-id=\"image-16-1184\"><div id=\"code_block-5-1184-9\" class=\"ct-code-block media-wrapper__video\" data-id=\"code_block-5-1184\"><div style=\"overflow:hidden;height:100%; width:100%;\">\n  <video preload=\"none\" class=\"package-video\" loop muted playsinline style=\"width:100%;height:100%;object-fit:cover;opacity:0;transition:300ms opacity;\">\n    <source src=\"https:\/\/nacichej.com.pl\/wp-content\/uploads\/2023\/04\/mountain-trip-family-picnic-2022-08-05-03-26-00-utc.mp4\" type=\"video\/webm\">\n  <\/source><\/video>\n<\/div>\n<\/div><\/div><div id=\"div_block-6-1184-9\" class=\"ct-div-block\" data-id=\"div_block-6-1184\"><div id=\"text_block-7-1184-9\" class=\"ct-text-block\" data-id=\"text_block-7-1184\"><span id=\"span-8-1184\" class=\"ct-span\" >Holidays at Villa Na Cicha<\/span><\/div><div id=\"div_block-9-1184-9\" class=\"ct-div-block\" data-id=\"div_block-9-1184\"><\/div><\/div><\/a><\/div><div id=\"div_block-32-1242-10\" class=\"ct-div-block package-tile\" data-id=\"div_block-32-1242\"><a id=\"link-2-1184-10\" class=\"ct-link\" href=\"https:\/\/nacichej.com.pl\/en\/oferta_specjalna\/weekend-majowy\/\" target=\"_self\" data-id=\"link-2-1184\"><div id=\"div_block-3-1184-10\" class=\"ct-div-block media-wrapper\" data-id=\"div_block-3-1184\"><img decoding=\"async\" id=\"image-16-1184-10\" alt=\"\" src=\"https:\/\/nacichej.com.pl\/wp-content\/uploads\/2023\/04\/mother-have-a-fun-with-a-son-on-a-meadow-in-mounta-2022-01-11-21-49-30-utc-1-min-1024x576.jpg\" class=\"ct-image cover-image media-wrapper__img\" data-id=\"image-16-1184\"><div id=\"code_block-5-1184-10\" class=\"ct-code-block media-wrapper__video\" data-id=\"code_block-5-1184\"><div style=\"overflow:hidden;height:100%; width:100%;\">\n  <video preload=\"none\" class=\"package-video\" loop muted playsinline style=\"width:100%;height:100%;object-fit:cover;opacity:0;transition:300ms opacity;\">\n    <source src=\"https:\/\/nacichej.com.pl\/wp-content\/uploads\/2023\/04\/family-with-infant-baby-enjoy-sunrise-in-the-mount-2022-12-29-01-16-29-utc.mp4\" type=\"video\/webm\">\n  <\/source><\/video>\n<\/div>\n<\/div><\/div><div id=\"div_block-6-1184-10\" class=\"ct-div-block\" data-id=\"div_block-6-1184\"><div id=\"text_block-7-1184-10\" class=\"ct-text-block\" data-id=\"text_block-7-1184\"><span id=\"span-8-1184\" class=\"ct-span\" >Long May weekend<\/span><\/div><div id=\"div_block-9-1184-10\" class=\"ct-div-block\" data-id=\"div_block-9-1184\"><\/div><\/div><\/a><\/div><div id=\"div_block-32-1242-11\" class=\"ct-div-block package-tile\" data-id=\"div_block-32-1242\"><a id=\"link-2-1184-11\" class=\"ct-link\" href=\"https:\/\/nacichej.com.pl\/en\/oferta_specjalna\/weekend-boze-cialo\/\" target=\"_self\" data-id=\"link-2-1184\"><div id=\"div_block-3-1184-11\" class=\"ct-div-block media-wrapper\" data-id=\"div_block-3-1184\"><img decoding=\"async\" id=\"image-16-1184-11\" alt=\"\" src=\"https:\/\/nacichej.com.pl\/wp-content\/uploads\/2023\/04\/hiking-woman-with-her-children-in-romanian-mountai-2021-08-26-17-52-35-utc-1-min-1024x576.jpg\" class=\"ct-image cover-image media-wrapper__img\" data-id=\"image-16-1184\"><div id=\"code_block-5-1184-11\" class=\"ct-code-block media-wrapper__video\" data-id=\"code_block-5-1184\"><div style=\"overflow:hidden;height:100%; width:100%;\">\n  <video preload=\"none\" class=\"package-video\" loop muted playsinline style=\"width:100%;height:100%;object-fit:cover;opacity:0;transition:300ms opacity;\">\n    <source src=\"https:\/\/nacichej.com.pl\/wp-content\/uploads\/2023\/04\/family-trekking-in-mountains-with-dog-2023-04-04-15-54-14-utc-2.mp4\" type=\"video\/webm\">\n  <\/source><\/video>\n<\/div>\n<\/div><\/div><div id=\"div_block-6-1184-11\" class=\"ct-div-block\" data-id=\"div_block-6-1184\"><div id=\"text_block-7-1184-11\" class=\"ct-text-block\" data-id=\"text_block-7-1184\"><span id=\"span-8-1184\" class=\"ct-span\" >June long weekend<\/span><\/div><div id=\"div_block-9-1184-11\" class=\"ct-div-block\" data-id=\"div_block-9-1184\"><\/div><\/div><\/a><\/div><div id=\"div_block-32-1242-12\" class=\"ct-div-block package-tile\" data-id=\"div_block-32-1242\"><a id=\"link-2-1184-12\" class=\"ct-link\" href=\"https:\/\/nacichej.com.pl\/en\/oferta_specjalna\/romantyczny-pakiet\/\" target=\"_self\" data-id=\"link-2-1184\"><div id=\"div_block-3-1184-12\" class=\"ct-div-block media-wrapper\" data-id=\"div_block-3-1184\"><img decoding=\"async\" id=\"image-16-1184-12\" alt=\"\" src=\"https:\/\/nacichej.com.pl\/wp-content\/uploads\/2023\/04\/couple-in-the-mountains-2021-08-26-18-20-14-utc-1-min-1024x576.jpg\" class=\"ct-image cover-image media-wrapper__img\" data-id=\"image-16-1184\"><div id=\"code_block-5-1184-12\" class=\"ct-code-block media-wrapper__video\" data-id=\"code_block-5-1184\"><div style=\"overflow:hidden;height:100%; width:100%;\">\n  <video preload=\"none\" class=\"package-video\" loop muted playsinline style=\"width:100%;height:100%;object-fit:cover;opacity:0;transition:300ms opacity;\">\n    <source src=\"https:\/\/nacichej.com.pl\/wp-content\/uploads\/2023\/04\/couple-enjoy-sunrise-in-the-mountains-2023-03-13-21-44-33-utc.mp4\" type=\"video\/webm\">\n  <\/source><\/video>\n<\/div>\n<\/div><\/div><div id=\"div_block-6-1184-12\" class=\"ct-div-block\" data-id=\"div_block-6-1184\"><div id=\"text_block-7-1184-12\" class=\"ct-text-block\" data-id=\"text_block-7-1184\"><span id=\"span-8-1184\" class=\"ct-span\" >Romantic Package for Two<\/span><\/div><div id=\"div_block-9-1184-12\" class=\"ct-div-block\" data-id=\"div_block-9-1184\"><\/div><\/div><\/a><\/div><div id=\"div_block-32-1242-13\" class=\"ct-div-block package-tile\" data-id=\"div_block-32-1242\"><a id=\"link-2-1184-13\" class=\"ct-link\" href=\"https:\/\/nacichej.com.pl\/en\/oferta_specjalna\/voucher\/\" target=\"_self\" data-id=\"link-2-1184\"><div id=\"div_block-3-1184-13\" class=\"ct-div-block media-wrapper\" data-id=\"div_block-3-1184\"><img decoding=\"async\" id=\"image-16-1184-13\" alt=\"\" src=\"https:\/\/nacichej.com.pl\/wp-content\/uploads\/2023\/04\/woman-decorating-wrapped-gifts-with-recycled-paper-2023-02-01-20-19-14-utc-1-min-1024x576.jpg\" class=\"ct-image cover-image media-wrapper__img\" data-id=\"image-16-1184\"><div id=\"code_block-5-1184-13\" class=\"ct-code-block media-wrapper__video\" data-id=\"code_block-5-1184\"><div style=\"overflow:hidden;height:100%; width:100%;\">\n  <video preload=\"none\" class=\"package-video\" loop muted playsinline style=\"width:100%;height:100%;object-fit:cover;opacity:0;transition:300ms opacity;\">\n    <source src=\"https:\/\/nacichej.com.pl\/wp-content\/uploads\/2023\/04\/mountain-trip-family-picnic-2022-08-05-03-26-00-utc.mp4\" type=\"video\/webm\">\n  <\/source><\/video>\n<\/div>\n<\/div><\/div><div id=\"div_block-6-1184-13\" class=\"ct-div-block\" data-id=\"div_block-6-1184\"><div id=\"text_block-7-1184-13\" class=\"ct-text-block\" data-id=\"text_block-7-1184\"><span id=\"span-8-1184\" class=\"ct-span\" >Voucher<\/span><\/div><div id=\"div_block-9-1184-13\" class=\"ct-div-block\" data-id=\"div_block-9-1184\"><\/div><\/div><\/a><\/div>                    \n                                            \n                                        \n                    <\/div>\n<\/div><div class=\"oxy-carousel-builder_icon oxy-carousel-builder_prev\"><svg id=\"prev-carousel-builder-30-1242\"><use xlink:href=\"#FontAwesomeicon-chevron-left\"><\/use><\/svg><\/span><\/div><div class=\"oxy-carousel-builder_icon oxy-carousel-builder_next\"><svg id=\"next-carousel-builder-30-1242\"><use xlink:href=\"#FontAwesomeicon-chevron-right\"><\/use><\/svg><\/span><\/div><\/div>\n\n\t\t<\/div><\/section>","protected":false},"excerpt":{"rendered":"","protected":false},"author":3,"featured_media":1229,"parent":0,"menu_order":0,"comment_status":"closed","ping_status":"closed","template":"","meta":[],"acf":[],"_links":{"self":[{"href":"https:\/\/nacichej.com.pl\/en\/wp-json\/wp\/v2\/pages\/1242"}],"collection":[{"href":"https:\/\/nacichej.com.pl\/en\/wp-json\/wp\/v2\/pages"}],"about":[{"href":"https:\/\/nacichej.com.pl\/en\/wp-json\/wp\/v2\/types\/page"}],"author":[{"embeddable":true,"href":"https:\/\/nacichej.com.pl\/en\/wp-json\/wp\/v2\/users\/3"}],"replies":[{"embeddable":true,"href":"https:\/\/nacichej.com.pl\/en\/wp-json\/wp\/v2\/comments?post=1242"}],"version-history":[{"count":3,"href":"https:\/\/nacichej.com.pl\/en\/wp-json\/wp\/v2\/pages\/1242\/revisions"}],"predecessor-version":[{"id":1346,"href":"https:\/\/nacichej.com.pl\/en\/wp-json\/wp\/v2\/pages\/1242\/revisions\/1346"}],"wp:featuredmedia":[{"embeddable":true,"href":"https:\/\/nacichej.com.pl\/en\/wp-json\/wp\/v2\/media\/1229"}],"wp:attachment":[{"href":"https:\/\/nacichej.com.pl\/en\/wp-json\/wp\/v2\/media?parent=1242"}],"curies":[{"name":"wp","href":"https:\/\/api.w.org\/{rel}","templated":true}]}}