{"id":416,"date":"2022-02-02T10:36:34","date_gmt":"2022-02-02T09:36:34","guid":{"rendered":"https:\/\/nacichej.com.pl\/?page_id=416"},"modified":"2023-07-24T13:24:36","modified_gmt":"2023-07-24T11:24:36","slug":"atrakcje","status":"publish","type":"page","link":"https:\/\/nacichej.com.pl\/en\/atrakcje\/","title":{"rendered":"Attractions"},"content":{"rendered":"<div id=\"div_block-450-416\" class=\"ct-div-block\" ><div id=\"div_block-451-416\" class=\"ct-div-block moving-top\" style=\"background-image:linear-gradient(rgba(0,0,0,0.2), rgba(0,0,0,0.2)), url(https:\/\/nacichej.com.pl\/wp-content\/uploads\/2023\/04\/mountain-shelter-at-hala-szrenicka-in-giant-mounta-2021-08-27-09-01-34-utc-1.jpg);background-size:auto,  cover;\" ><\/div><\/div><section id=\"section-654-416\" class=\"ct-section\" ><div class=\"ct-section-inner-wrap\"><div id=\"div_block-827-416\" class=\"ct-div-block\"  data-aos=\"fade-up\" data-aos-duration=\"600\" data-aos-once=\"true\"><h1 id=\"headline-828-416\" class=\"ct-headline subtitle\">WHERE TO FIND US<\/h1><h1 id=\"headline-829-416\" class=\"ct-headline title\">Our location<\/h1><div id=\"text_block-830-416\" class=\"ct-text-block txt\" >Willa Na Cichej is nestled in the picturesque town of Szklarska Por\u0119ba, right at the heart of the Karkonosze mountains. It's an ideal destination for nature lovers who want to bask in the beauty of the mountainous scenery and discover the richness of local attractions. With its stunning surroundings and endless possibilities for adventure, Willa Na Cichej is the perfect place to experience the magic of the mountains!<br><\/div><div id=\"div_block-831-416\" class=\"ct-div-block decor\" ><\/div><\/div><\/div><\/section><section id=\"section-738-416\" class=\"ct-section section\" ><div class=\"ct-section-inner-wrap\"><div id=\"div_block-739-416\" class=\"ct-div-block w50 imgContainer\" ><div id=\"div_block-740-416\" class=\"ct-div-block about-imgBig\" ><img decoding=\"async\"  id=\"image-741-416\" alt=\"\" src=\"https:\/\/nacichej.com.pl\/wp-content\/uploads\/2023\/04\/890-DJI_0371-HDR_pomniejszone.jpg\" class=\"ct-image cover-image\"\/><\/div><div id=\"div_block-742-416\" class=\"ct-div-block about-imgSmall\" ><img decoding=\"async\"  id=\"image-743-416\" alt=\"\" src=\"https:\/\/nacichej.com.pl\/wp-content\/uploads\/2023\/04\/hiking-woman-with-her-children-in-romanian-mountai-2021-08-26-17-52-35-utc-1-min.jpg\" class=\"ct-image cover-image\"\/><\/div><\/div><div id=\"div_block-744-416\" class=\"ct-div-block w50 textContainer\" ><h1 id=\"headline-745-416\" class=\"ct-headline subtitle\">In the heart of the Karkonosze Mountains<\/h1><h1 id=\"headline-746-416\" class=\"ct-headline title\">Szklarska Por\u0119ba<\/h1><div id=\"text_block-747-416\" class=\"ct-text-block txt\" >In the vicinity of the villa, there are many places worth visiting. One of the most popular attractions is a trip to the Karkonosze National Park, which is one of the most beautiful national parks in Poland. In the park, you can admire the mountains, forests, waterfalls, as well as the richness of flora and fauna.<br><br>For winter sports enthusiasts, there are numerous ski resorts in the vicinity of the villa, such as Szrenica, Kopa, and Harrachov, which is located on the Czech side of the border. During the summer season, it's worth taking advantage of the many hiking trails and walks that lead to picturesque viewpoints and unique destinations.<\/div><\/div><\/div><\/section><section id=\"section-108-416\" class=\"ct-section\" style=\"background-image:linear-gradient(rgba(255,255,255,0.81), rgba(255,255,255,0.81)), url(https:\/\/nacichej.com.pl\/wp-content\/uploads\/2022\/02\/bg3.jpg);background-size:auto,  cover;\" ><div class=\"ct-section-inner-wrap\"><h1 id=\"headline-464-416\" class=\"ct-headline subtitle\">WHAT CAN YOU DO IN THE AREA?<\/h1><div id=\"text_block-110-416\" class=\"ct-text-block title\" >Attractions<\/div><div id=\"text_block-467-416\" class=\"ct-text-block txt txt--center\" >The Giant Mountains guarantee a lot of attractions.<\/div><div id=\"_dynamic_list-143-416\" class=\"oxy-dynamic-list\"><div id=\"div_block-144-416-1\" class=\"ct-div-block\" data-id=\"div_block-144-416\"><div id=\"div_block-147-416-1\" class=\"ct-div-block offert-tile\" data-id=\"div_block-147-416\"><div id=\"div_block-148-416-1\" class=\"ct-div-block offert-tile-img\" data-id=\"div_block-148-416\"><img decoding=\"async\" id=\"image-149-416-1\" alt=\"\" src=\"https:\/\/nacichej.com.pl\/wp-content\/uploads\/2023\/04\/kamienczyk-waterfall-in-szklarska-poreba-poland-2022-02-04-03-04-03-utc-Maly.jpg\" class=\"ct-image cover-image\" data-id=\"image-149-416\"><\/div><div id=\"div_block-150-416-1\" class=\"ct-div-block offert-details\" data-id=\"div_block-150-416\"><div id=\"text_block-151-416-1\" class=\"ct-text-block offert-subtite\" data-id=\"text_block-151-416\"><span id=\"span-371-416\" class=\"ct-span\" >Nature<\/span><\/div><div id=\"text_block-152-416-1\" class=\"ct-text-block offert-title\" data-id=\"text_block-152-416\"><div><span style=\"background-color: transparent;\"><span id=\"span-225-416\" class=\"ct-span\" >Kamie\u0144czyk<\/span><\/span><\/div><\/div><div id=\"div_block-153-416-1\" class=\"ct-div-block details-hidden\" data-id=\"div_block-153-416\"><div id=\"text_block-154-416-1\" class=\"ct-text-block txt hidden\" data-id=\"text_block-154-416\"><span id=\"span-217-416\" class=\"ct-span\" >An ideal place for nature lovers who want to see the beauty of the Polish mountains and enjoy the charm of the rushing water.<\/span> <br><\/div><\/div><\/div><div id=\"div_block-156-416-1\" class=\"ct-div-block offert-overlay\" data-id=\"div_block-156-416\"><\/div><\/div><\/div><div id=\"div_block-144-416-2\" class=\"ct-div-block\" data-id=\"div_block-144-416\"><div id=\"div_block-147-416-2\" class=\"ct-div-block offert-tile\" data-id=\"div_block-147-416\"><div id=\"div_block-148-416-2\" class=\"ct-div-block offert-tile-img\" data-id=\"div_block-148-416\"><img decoding=\"async\" id=\"image-149-416-2\" alt=\"\" src=\"https:\/\/nacichej.com.pl\/wp-content\/uploads\/2023\/04\/mountain-shelter-at-hala-szrenicka-in-giant-mounta-2021-08-27-09-01-34-utc-Maly.jpg\" class=\"ct-image cover-image\" data-id=\"image-149-416\"><\/div><div id=\"div_block-150-416-2\" class=\"ct-div-block offert-details\" data-id=\"div_block-150-416\"><div id=\"text_block-151-416-2\" class=\"ct-text-block offert-subtite\" data-id=\"text_block-151-416\"><span id=\"span-371-416\" class=\"ct-span\" >Mountains<\/span><\/div><div id=\"text_block-152-416-2\" class=\"ct-text-block offert-title\" data-id=\"text_block-152-416\"><div><span style=\"background-color: transparent;\"><span id=\"span-225-416\" class=\"ct-span\" >Hala Szrenicka<\/span><\/span><\/div><\/div><div id=\"div_block-153-416-2\" class=\"ct-div-block details-hidden\" data-id=\"div_block-153-416\"><div id=\"text_block-154-416-2\" class=\"ct-text-block txt hidden\" data-id=\"text_block-154-416\"><span id=\"span-217-416\" class=\"ct-span\" >One of the most beautiful clearings in the Karkonosze Mountains, offering unforgettable views of the mountains and valleys.<\/span> <br><\/div><\/div><\/div><div id=\"div_block-156-416-2\" class=\"ct-div-block offert-overlay\" data-id=\"div_block-156-416\"><\/div><\/div><\/div><div id=\"div_block-144-416-3\" class=\"ct-div-block\" data-id=\"div_block-144-416\"><div id=\"div_block-147-416-3\" class=\"ct-div-block offert-tile\" data-id=\"div_block-147-416\"><div id=\"div_block-148-416-3\" class=\"ct-div-block offert-tile-img\" data-id=\"div_block-148-416\"><img decoding=\"async\" id=\"image-149-416-3\" alt=\"\" src=\"https:\/\/nacichej.com.pl\/wp-content\/uploads\/2023\/04\/tomasz-smal-t7T1c0eVD_0-unsplash-Maly.jpg\" class=\"ct-image cover-image\" data-id=\"image-149-416\"><\/div><div id=\"div_block-150-416-3\" class=\"ct-div-block offert-details\" data-id=\"div_block-150-416\"><div id=\"text_block-151-416-3\" class=\"ct-text-block offert-subtite\" data-id=\"text_block-151-416\"><span id=\"span-371-416\" class=\"ct-span\" >Bizarre<\/span><\/div><div id=\"text_block-152-416-3\" class=\"ct-text-block offert-title\" data-id=\"text_block-152-416\"><div><span style=\"background-color: transparent;\"><span id=\"span-225-416\" class=\"ct-span\" >Zakr\u0119t \u015amierci<\/span><\/span><\/div><\/div><div id=\"div_block-153-416-3\" class=\"ct-div-block details-hidden\" data-id=\"div_block-153-416\"><div id=\"text_block-154-416-3\" class=\"ct-text-block txt hidden\" data-id=\"text_block-154-416\"><span id=\"span-217-416\" class=\"ct-span\" >Jeden z najpopularniejszych punkt\u00f3w widokowych w <a href=\"https:\/\/nacichej.com.pl\/en\/szklarska-poreba\/\"  style=\"text-decoration: none; color:#FFFFFF\" >Szklarskiej Por\u0119bie.<\/a><\/span> <br><\/div><\/div><\/div><div id=\"div_block-156-416-3\" class=\"ct-div-block offert-overlay\" data-id=\"div_block-156-416\"><\/div><\/div><\/div><div id=\"div_block-144-416-4\" class=\"ct-div-block\" data-id=\"div_block-144-416\"><div id=\"div_block-147-416-4\" class=\"ct-div-block offert-tile\" data-id=\"div_block-147-416\"><div id=\"div_block-148-416-4\" class=\"ct-div-block offert-tile-img\" data-id=\"div_block-148-416\"><img decoding=\"async\" id=\"image-149-416-4\" alt=\"\" src=\"https:\/\/nacichej.com.pl\/wp-content\/uploads\/2023\/04\/17-13-22-0013.webp\" class=\"ct-image cover-image\" data-id=\"image-149-416\"><\/div><div id=\"div_block-150-416-4\" class=\"ct-div-block offert-details\" data-id=\"div_block-150-416\"><div id=\"text_block-151-416-4\" class=\"ct-text-block offert-subtite\" data-id=\"text_block-151-416\"><span id=\"span-371-416\" class=\"ct-span\" >waterfall<\/span><\/div><div id=\"text_block-152-416-4\" class=\"ct-text-block offert-title\" data-id=\"text_block-152-416\"><div><span style=\"background-color: transparent;\"><span id=\"span-225-416\" class=\"ct-span\" >Wodospad Szklarki<\/span><\/span><\/div><\/div><div id=\"div_block-153-416-4\" class=\"ct-div-block details-hidden\" data-id=\"div_block-153-416\"><div id=\"text_block-154-416-4\" class=\"ct-text-block txt hidden\" data-id=\"text_block-154-416\"><span id=\"span-217-416\" class=\"ct-span\" >The Szklarka Waterfall is one of the larger and more beautiful waterfalls in the Karkonosze mountains. <\/span> <br><\/div><\/div><\/div><div id=\"div_block-156-416-4\" class=\"ct-div-block offert-overlay\" data-id=\"div_block-156-416\"><\/div><\/div><\/div><div id=\"div_block-144-416-5\" class=\"ct-div-block\" data-id=\"div_block-144-416\"><div id=\"div_block-147-416-5\" class=\"ct-div-block offert-tile\" data-id=\"div_block-147-416\"><div id=\"div_block-148-416-5\" class=\"ct-div-block offert-tile-img\" data-id=\"div_block-148-416\"><img decoding=\"async\" id=\"image-149-416-5\" alt=\"\" src=\"https:\/\/nacichej.com.pl\/wp-content\/uploads\/2023\/04\/17-10-36-5799.webp\" class=\"ct-image cover-image\" data-id=\"image-149-416\"><\/div><div id=\"div_block-150-416-5\" class=\"ct-div-block offert-details\" data-id=\"div_block-150-416\"><div id=\"text_block-151-416-5\" class=\"ct-text-block offert-subtite\" data-id=\"text_block-151-416\"><span id=\"span-371-416\" class=\"ct-span\" >In the mountains<\/span><\/div><div id=\"text_block-152-416-5\" class=\"ct-text-block offert-title\" data-id=\"text_block-152-416\"><div><span style=\"background-color: transparent;\"><span id=\"span-225-416\" class=\"ct-span\" >\u015anie\u017cne Kot\u0142y<\/span><\/span><\/div><\/div><div id=\"div_block-153-416-5\" class=\"ct-div-block details-hidden\" data-id=\"div_block-153-416\"><div id=\"text_block-154-416-5\" class=\"ct-text-block txt hidden\" data-id=\"text_block-154-416\"><span id=\"span-217-416\" class=\"ct-span\" >According to the unanimous opinion of many mountain lovers, it is one of the most beautiful corners of the Karkonosze.<\/span> <br><\/div><\/div><\/div><div id=\"div_block-156-416-5\" class=\"ct-div-block offert-overlay\" data-id=\"div_block-156-416\"><\/div><\/div><\/div><div id=\"div_block-144-416-6\" class=\"ct-div-block\" data-id=\"div_block-144-416\"><div id=\"div_block-147-416-6\" class=\"ct-div-block offert-tile\" data-id=\"div_block-147-416\"><div id=\"div_block-148-416-6\" class=\"ct-div-block offert-tile-img\" data-id=\"div_block-148-416\"><img decoding=\"async\" id=\"image-149-416-6\" alt=\"\" src=\"https:\/\/nacichej.com.pl\/wp-content\/uploads\/2023\/04\/17-11-16-5525.webp\" class=\"ct-image cover-image\" data-id=\"image-149-416\"><\/div><div id=\"div_block-150-416-6\" class=\"ct-div-block offert-details\" data-id=\"div_block-150-416\"><div id=\"text_block-151-416-6\" class=\"ct-text-block offert-subtite\" data-id=\"text_block-151-416\"><span id=\"span-371-416\" class=\"ct-span\" >For children<\/span><\/div><div id=\"text_block-152-416-6\" class=\"ct-text-block offert-title\" data-id=\"text_block-152-416\"><div><span style=\"background-color: transparent;\"><span id=\"span-225-416\" class=\"ct-span\" >Dinopark<\/span><\/span><\/div><\/div><div id=\"div_block-153-416-6\" class=\"ct-div-block details-hidden\" data-id=\"div_block-153-416\"><div id=\"text_block-154-416-6\" class=\"ct-text-block txt hidden\" data-id=\"text_block-154-416\"><span id=\"span-217-416\" class=\"ct-span\" >The Dinosaur Park in Szklarska Por\u0119ba is a great place for education and entertainment for the youngest. <\/span> <br><\/div><\/div><\/div><div id=\"div_block-156-416-6\" class=\"ct-div-block offert-overlay\" data-id=\"div_block-156-416\"><\/div><\/div><\/div><\/div>\n<\/div><\/section>","protected":false},"excerpt":{"rendered":"","protected":false},"author":3,"featured_media":1237,"parent":0,"menu_order":0,"comment_status":"closed","ping_status":"closed","template":"","meta":[],"acf":[],"_links":{"self":[{"href":"https:\/\/nacichej.com.pl\/en\/wp-json\/wp\/v2\/pages\/416"}],"collection":[{"href":"https:\/\/nacichej.com.pl\/en\/wp-json\/wp\/v2\/pages"}],"about":[{"href":"https:\/\/nacichej.com.pl\/en\/wp-json\/wp\/v2\/types\/page"}],"author":[{"embeddable":true,"href":"https:\/\/nacichej.com.pl\/en\/wp-json\/wp\/v2\/users\/3"}],"replies":[{"embeddable":true,"href":"https:\/\/nacichej.com.pl\/en\/wp-json\/wp\/v2\/comments?post=416"}],"version-history":[{"count":47,"href":"https:\/\/nacichej.com.pl\/en\/wp-json\/wp\/v2\/pages\/416\/revisions"}],"predecessor-version":[{"id":1395,"href":"https:\/\/nacichej.com.pl\/en\/wp-json\/wp\/v2\/pages\/416\/revisions\/1395"}],"wp:featuredmedia":[{"embeddable":true,"href":"https:\/\/nacichej.com.pl\/en\/wp-json\/wp\/v2\/media\/1237"}],"wp:attachment":[{"href":"https:\/\/nacichej.com.pl\/en\/wp-json\/wp\/v2\/media?parent=416"}],"curies":[{"name":"wp","href":"https:\/\/api.w.org\/{rel}","templated":true}]}}